{"id":669,"date":"2025-08-31T01:26:21","date_gmt":"2025-08-31T01:26:21","guid":{"rendered":"https:\/\/comerciomayorrodriguez.com.mx\/?post_type=product&#038;p=669"},"modified":"2025-08-31T01:26:21","modified_gmt":"2025-08-31T01:26:21","slug":"carton-kraft","status":"publish","type":"product","link":"https:\/\/comerciomayorrodriguez.com.mx\/index.php\/producto\/carton-kraft\/","title":{"rendered":"Cart\u00f3n Kraft"},"content":{"rendered":"<p>Para mayor informaci\u00f3n de este producto, env\u00edanos un mensaje y uno de nuestros asesores se contactar\u00e1 contigo a la brevedad.<\/p>\n","protected":false},"excerpt":{"rendered":"<p>Para mayor informaci\u00f3n de este producto, env\u00edanos un mensaje y uno de nuestros asesores se contactar\u00e1 contigo a la brevedad.<\/p>\n","protected":false},"featured_media":0,"comment_status":"open","ping_status":"closed","template":"","meta":[],"product_brand":[],"product_cat":[30],"product_tag":[],"class_list":{"0":"post-669","1":"product","2":"type-product","3":"status-publish","5":"product_cat-carton","7":"first","8":"instock","9":"shipping-taxable","10":"product-type-simple"},"_links":{"self":[{"href":"https:\/\/comerciomayorrodriguez.com.mx\/index.php\/wp-json\/wp\/v2\/product\/669","targetHints":{"allow":["GET"]}}],"collection":[{"href":"https:\/\/comerciomayorrodriguez.com.mx\/index.php\/wp-json\/wp\/v2\/product"}],"about":[{"href":"https:\/\/comerciomayorrodriguez.com.mx\/index.php\/wp-json\/wp\/v2\/types\/product"}],"replies":[{"embeddable":true,"href":"https:\/\/comerciomayorrodriguez.com.mx\/index.php\/wp-json\/wp\/v2\/comments?post=669"}],"wp:attachment":[{"href":"https:\/\/comerciomayorrodriguez.com.mx\/index.php\/wp-json\/wp\/v2\/media?parent=669"}],"wp:term":[{"taxonomy":"product_brand","embeddable":true,"href":"https:\/\/comerciomayorrodriguez.com.mx\/index.php\/wp-json\/wp\/v2\/product_brand?post=669"},{"taxonomy":"product_cat","embeddable":true,"href":"https:\/\/comerciomayorrodriguez.com.mx\/index.php\/wp-json\/wp\/v2\/product_cat?post=669"},{"taxonomy":"product_tag","embeddable":true,"href":"https:\/\/comerciomayorrodriguez.com.mx\/index.php\/wp-json\/wp\/v2\/product_tag?post=669"}],"curies":[{"name":"wp","href":"https:\/\/api.w.org\/{rel}","templated":true}]}}