{"id":685,"date":"2025-08-31T01:37:24","date_gmt":"2025-08-31T01:37:24","guid":{"rendered":"https:\/\/comerciomayorrodriguez.com.mx\/?post_type=product&#038;p=685"},"modified":"2025-08-31T01:37:25","modified_gmt":"2025-08-31T01:37:25","slug":"fibras-hilos-y-telas","status":"publish","type":"product","link":"https:\/\/comerciomayorrodriguez.com.mx\/index.php\/producto\/fibras-hilos-y-telas\/","title":{"rendered":"Fibras, Hilos y Telas"},"content":{"rendered":"<p>Para mayor informaci\u00f3n de estos productos, env\u00edanos un mensaje y uno de nuestros asesores se contactar\u00e1 contigo a la brevedad.<\/p>\n","protected":false},"excerpt":{"rendered":"<p>Para mayor informaci\u00f3n de estos productos, env\u00edanos un mensaje y uno de nuestros asesores se contactar\u00e1 contigo a la brevedad.<\/p>\n","protected":false},"featured_media":636,"comment_status":"open","ping_status":"closed","template":"","meta":[],"product_brand":[],"product_cat":[32,33,34],"product_tag":[],"class_list":{"0":"post-685","1":"product","2":"type-product","3":"status-publish","4":"has-post-thumbnail","6":"product_cat-fibras","7":"product_cat-hilos","8":"product_cat-telas","10":"first","11":"instock","12":"shipping-taxable","13":"product-type-simple"},"_links":{"self":[{"href":"https:\/\/comerciomayorrodriguez.com.mx\/index.php\/wp-json\/wp\/v2\/product\/685","targetHints":{"allow":["GET"]}}],"collection":[{"href":"https:\/\/comerciomayorrodriguez.com.mx\/index.php\/wp-json\/wp\/v2\/product"}],"about":[{"href":"https:\/\/comerciomayorrodriguez.com.mx\/index.php\/wp-json\/wp\/v2\/types\/product"}],"replies":[{"embeddable":true,"href":"https:\/\/comerciomayorrodriguez.com.mx\/index.php\/wp-json\/wp\/v2\/comments?post=685"}],"wp:featuredmedia":[{"embeddable":true,"href":"https:\/\/comerciomayorrodriguez.com.mx\/index.php\/wp-json\/wp\/v2\/media\/636"}],"wp:attachment":[{"href":"https:\/\/comerciomayorrodriguez.com.mx\/index.php\/wp-json\/wp\/v2\/media?parent=685"}],"wp:term":[{"taxonomy":"product_brand","embeddable":true,"href":"https:\/\/comerciomayorrodriguez.com.mx\/index.php\/wp-json\/wp\/v2\/product_brand?post=685"},{"taxonomy":"product_cat","embeddable":true,"href":"https:\/\/comerciomayorrodriguez.com.mx\/index.php\/wp-json\/wp\/v2\/product_cat?post=685"},{"taxonomy":"product_tag","embeddable":true,"href":"https:\/\/comerciomayorrodriguez.com.mx\/index.php\/wp-json\/wp\/v2\/product_tag?post=685"}],"curies":[{"name":"wp","href":"https:\/\/api.w.org\/{rel}","templated":true}]}}